{"id":5,"date":"2013-05-30T09:49:02","date_gmt":"2013-05-30T09:49:02","guid":{"rendered":"http:\/\/funenergyat.wordpress.com\/?page_id=1"},"modified":"2021-05-06T16:08:40","modified_gmt":"2021-05-06T14:08:40","slug":"about","status":"publish","type":"page","link":"https:\/\/funenergy.at\/?page_id=5","title":{"rendered":"\u00dcber uns"},"content":{"rendered":"<p>FUN ENERGY ist aus purem Spa\u00df an der Sache entstanden.<br \/>Ing. Reinhard Leitner, hat nach dem Abschluss der HTL f\u00fcr Elektrotechnik,<br \/>einem Kurzbesuch an der TU Graz und nach der Ausbildung zum Softwareentwickler,<br \/>eine Firma f\u00fcr ma\u00dfgeschneiderte Softwarel\u00f6sungen <a href=\"http:\/\/www.databasehouse.com\/\">www.seus.at<\/a> gegr\u00fcndet.<\/p>\n<p>Als begeisterter Bastler, brennt seine Leidenschaft jedoch weit \u00fcber den Computer hinaus.<br \/>2009 hat er das Conrad Akkurace mit dem selbstgebauten Fahrzeug gewonnen,<br \/>dieses Projekt lief unter dem Titel FUNENERGY.<\/p>\n<p>Aus diesem Spa\u00dfprojekt entstehen immer mehr innovative Produktl\u00f6sungen.<\/p>\n<p>Mittlerweile sind die 3 S\u00f6hne Tim, Dustin und Marc erwachsen und helfen begeistert mit an der Entwicklung neuer Produkte wie dem <a href=\"https:\/\/funenergy.at\/?product=funenergy-chargecontrol\">BikeChef<\/a>.<\/p>\n<p><\/p>\n\n\n<p><\/p>\n","protected":false},"excerpt":{"rendered":"<p>FUN ENERGY ist aus purem Spa\u00df an der Sache entstanden.Ing. Reinhard Leitner, hat nach dem Abschluss der HTL f\u00fcr Elektrotechnik,einem Kurzbesuch an der TU Graz und nach der Ausbildung zum Softwareentwickler,eine Firma f\u00fcr ma\u00dfgeschneiderte Softwarel\u00f6sungen www.seus.at gegr\u00fcndet. Als begeisterter Bastler, brennt seine Leidenschaft jedoch weit \u00fcber den Computer hinaus.2009 hat er das Conrad Akkurace mit [&hellip;]<\/p>\n","protected":false},"author":1,"featured_media":0,"parent":0,"menu_order":0,"comment_status":"closed","ping_status":"open","template":"","meta":[],"yoast_head":"<!-- This site is optimized with the Yoast SEO plugin v17.1 - https:\/\/yoast.com\/wordpress\/plugins\/seo\/ -->\n<meta name=\"robots\" content=\"index, follow, max-snippet:-1, max-image-preview:large, max-video-preview:-1\" \/>\n<link rel=\"canonical\" href=\"https:\/\/funenergy.at\/?page_id=5\" \/>\n<meta property=\"og:locale\" content=\"de_DE\" \/>\n<meta property=\"og:type\" content=\"article\" \/>\n<meta property=\"og:title\" content=\"\u00dcber unsAbout us - FunEnergy Innovations\" \/>\n<meta property=\"og:description\" content=\"FUN ENERGY ist aus purem Spa\u00df an der Sache entstanden.Ing. Reinhard Leitner, hat nach dem Abschluss der HTL f\u00fcr Elektrotechnik,einem Kurzbesuch an der TU Graz und nach der Ausbildung zum Softwareentwickler,eine Firma f\u00fcr ma\u00dfgeschneiderte Softwarel\u00f6sungen www.seus.at gegr\u00fcndet. Als begeisterter Bastler, brennt seine Leidenschaft jedoch weit \u00fcber den Computer hinaus.2009 hat er das Conrad Akkurace mit [&hellip;]\" \/>\n<meta property=\"og:url\" content=\"https:\/\/funenergy.at\/?page_id=5\" \/>\n<meta property=\"og:site_name\" content=\"FunEnergy Innovations\" \/>\n<meta property=\"article:modified_time\" content=\"2021-05-06T14:08:40+00:00\" \/>\n<meta name=\"twitter:card\" content=\"summary_large_image\" \/>\n<meta name=\"twitter:label1\" content=\"Gesch\u00e4tzte Lesezeit\" \/>\n\t<meta name=\"twitter:data1\" content=\"1\u00a0Minute\" \/>\n<script type=\"application\/ld+json\" class=\"yoast-schema-graph\">{\"@context\":\"https:\/\/schema.org\",\"@graph\":[{\"@type\":\"WebSite\",\"@id\":\"https:\/\/funenergy.at\/#website\",\"url\":\"https:\/\/funenergy.at\/\",\"name\":\"FunEnergy Innovations\",\"description\":\"\",\"potentialAction\":[{\"@type\":\"SearchAction\",\"target\":{\"@type\":\"EntryPoint\",\"urlTemplate\":\"https:\/\/funenergy.at\/?s={search_term_string}\"},\"query-input\":\"required name=search_term_string\"}],\"inLanguage\":\"de\"},{\"@type\":\"WebPage\",\"@id\":\"https:\/\/funenergy.at\/?page_id=5#webpage\",\"url\":\"https:\/\/funenergy.at\/?page_id=5\",\"name\":\"\\u00dcber unsAbout us - FunEnergy Innovations\",\"isPartOf\":{\"@id\":\"https:\/\/funenergy.at\/#website\"},\"datePublished\":\"2013-05-30T09:49:02+00:00\",\"dateModified\":\"2021-05-06T14:08:40+00:00\",\"breadcrumb\":{\"@id\":\"https:\/\/funenergy.at\/?page_id=5#breadcrumb\"},\"inLanguage\":\"de\",\"potentialAction\":[{\"@type\":\"ReadAction\",\"target\":[\"https:\/\/funenergy.at\/?page_id=5\"]}]},{\"@type\":\"BreadcrumbList\",\"@id\":\"https:\/\/funenergy.at\/?page_id=5#breadcrumb\",\"itemListElement\":[{\"@type\":\"ListItem\",\"position\":1,\"name\":\"Startseite\",\"item\":\"https:\/\/funenergy.at\/\"},{\"@type\":\"ListItem\",\"position\":2,\"name\":\"\\u00dcber uns\"}]}]}<\/script>\n<!-- \/ Yoast SEO plugin. -->","yoast_head_json":{"robots":{"index":"index","follow":"follow","max-snippet":"max-snippet:-1","max-image-preview":"max-image-preview:large","max-video-preview":"max-video-preview:-1"},"canonical":"https:\/\/funenergy.at\/?page_id=5","og_locale":"de_DE","og_type":"article","og_title":"\u00dcber unsAbout us - FunEnergy Innovations","og_description":"FUN ENERGY ist aus purem Spa\u00df an der Sache entstanden.Ing. Reinhard Leitner, hat nach dem Abschluss der HTL f\u00fcr Elektrotechnik,einem Kurzbesuch an der TU Graz und nach der Ausbildung zum Softwareentwickler,eine Firma f\u00fcr ma\u00dfgeschneiderte Softwarel\u00f6sungen www.seus.at gegr\u00fcndet. Als begeisterter Bastler, brennt seine Leidenschaft jedoch weit \u00fcber den Computer hinaus.2009 hat er das Conrad Akkurace mit [&hellip;]","og_url":"https:\/\/funenergy.at\/?page_id=5","og_site_name":"FunEnergy Innovations","article_modified_time":"2021-05-06T14:08:40+00:00","twitter_card":"summary_large_image","twitter_misc":{"Gesch\u00e4tzte Lesezeit":"1\u00a0Minute"},"schema":{"@context":"https:\/\/schema.org","@graph":[{"@type":"WebSite","@id":"https:\/\/funenergy.at\/#website","url":"https:\/\/funenergy.at\/","name":"FunEnergy Innovations","description":"","potentialAction":[{"@type":"SearchAction","target":{"@type":"EntryPoint","urlTemplate":"https:\/\/funenergy.at\/?s={search_term_string}"},"query-input":"required name=search_term_string"}],"inLanguage":"de"},{"@type":"WebPage","@id":"https:\/\/funenergy.at\/?page_id=5#webpage","url":"https:\/\/funenergy.at\/?page_id=5","name":"\u00dcber unsAbout us - FunEnergy Innovations","isPartOf":{"@id":"https:\/\/funenergy.at\/#website"},"datePublished":"2013-05-30T09:49:02+00:00","dateModified":"2021-05-06T14:08:40+00:00","breadcrumb":{"@id":"https:\/\/funenergy.at\/?page_id=5#breadcrumb"},"inLanguage":"de","potentialAction":[{"@type":"ReadAction","target":["https:\/\/funenergy.at\/?page_id=5"]}]},{"@type":"BreadcrumbList","@id":"https:\/\/funenergy.at\/?page_id=5#breadcrumb","itemListElement":[{"@type":"ListItem","position":1,"name":"Startseite","item":"https:\/\/funenergy.at\/"},{"@type":"ListItem","position":2,"name":"\u00dcber uns"}]}]}},"_links":{"self":[{"href":"https:\/\/funenergy.at\/index.php?rest_route=\/wp\/v2\/pages\/5"}],"collection":[{"href":"https:\/\/funenergy.at\/index.php?rest_route=\/wp\/v2\/pages"}],"about":[{"href":"https:\/\/funenergy.at\/index.php?rest_route=\/wp\/v2\/types\/page"}],"author":[{"embeddable":true,"href":"https:\/\/funenergy.at\/index.php?rest_route=\/wp\/v2\/users\/1"}],"replies":[{"embeddable":true,"href":"https:\/\/funenergy.at\/index.php?rest_route=%2Fwp%2Fv2%2Fcomments&post=5"}],"version-history":[{"count":20,"href":"https:\/\/funenergy.at\/index.php?rest_route=\/wp\/v2\/pages\/5\/revisions"}],"predecessor-version":[{"id":15597,"href":"https:\/\/funenergy.at\/index.php?rest_route=\/wp\/v2\/pages\/5\/revisions\/15597"}],"wp:attachment":[{"href":"https:\/\/funenergy.at\/index.php?rest_route=%2Fwp%2Fv2%2Fmedia&parent=5"}],"curies":[{"name":"wp","href":"https:\/\/api.w.org\/{rel}","templated":true}]}}