{"id":536,"date":"2019-12-15T16:02:09","date_gmt":"2019-12-15T14:02:09","guid":{"rendered":"https:\/\/funenergy.at\/?page_id=536"},"modified":"2019-12-16T16:12:50","modified_gmt":"2019-12-16T14:12:50","slug":"funenergy-bausaetze","status":"publish","type":"page","link":"https:\/\/funenergy.at\/?page_id=536","title":{"rendered":"FunEnergy Baus\u00e4tze"},"content":{"rendered":"\n<p>Stolz pr\u00e4sentieren wir Ihnen die FunEnergy Baus\u00e4tze.<br>Durch die Erfahrung die wir in den letzten Jahren sammeln konnten,<br>ist es uns nun m\u00f6glich unsere Akkus auch als Baus\u00e4tze anzubieten.<\/p>\n\n\n\n<p>In diesen Baus\u00e4tzen ist alles enthalten was Sie brauchen um Ihren eigenen FunEnergy Akku zu bauen. Die Baus\u00e4tze haben mehrer Vorteile gegen\u00fcber den fertigen Akkus:<\/p>\n\n\n\n<ul><li>Durch das Bauen lernt man den Akku besser kennen und bekommt ein Gef\u00fchl f\u00fcr den Aufbau von Hochleistungsakkus.<\/li><li>Die Baus\u00e4tze k\u00f6nnen wesentlich billiger vertrieben werden als fertige Akkus da die Arbeitszeit im Preis nicht mit eingerechnet wird.<\/li><li>Der Akku kann Individuell gestaltet werden<\/li><\/ul>\n\n\n\n<p>Ihnen wird, bis auf ein wenig herk\u00f6mmliches Werkzeug, alles ben\u00f6tigte zur Verf\u00fcgung gestellt. Damit ergibt sich ein Rundum Sorglos Paket.<br>Die ben\u00f6tigten Anleitungen f\u00fcr die einzelnen Baus\u00e4tze finden Sie hier:<br><a href=\"https:\/\/funenergy.at\/?page_id=14\">https:\/\/Funenergy.at<\/a><\/p>\n\n\n\n<figure class=\"wp-block-embed-youtube wp-block-embed is-type-video is-provider-youtube wp-embed-aspect-16-9 wp-has-aspect-ratio\"><div class=\"wp-block-embed__wrapper\">\n<iframe loading=\"lazy\" title=\"Zusammenbauanleitung Oset 36Volt - FunEnergy Innovations\" width=\"625\" height=\"352\" src=\"https:\/\/www.youtube.com\/embed\/H5dnDbYTZjc?feature=oembed\" frameborder=\"0\" allow=\"accelerometer; autoplay; encrypted-media; gyroscope; picture-in-picture\" allowfullscreen><\/iframe>\n<\/div><\/figure>\n","protected":false},"excerpt":{"rendered":"<p>Stolz pr\u00e4sentieren wir Ihnen die FunEnergy Baus\u00e4tze.Durch die Erfahrung die wir in den letzten Jahren sammeln konnten,ist es uns nun m\u00f6glich unsere Akkus auch als Baus\u00e4tze anzubieten. In diesen Baus\u00e4tzen ist alles enthalten was Sie brauchen um Ihren eigenen FunEnergy Akku zu bauen. Die Baus\u00e4tze haben mehrer Vorteile gegen\u00fcber den fertigen Akkus: Durch das Bauen [&hellip;]<\/p>\n","protected":false},"author":11,"featured_media":0,"parent":0,"menu_order":0,"comment_status":"closed","ping_status":"closed","template":"","meta":[],"yoast_head":"<!-- This site is optimized with the Yoast SEO plugin v17.1 - https:\/\/yoast.com\/wordpress\/plugins\/seo\/ -->\n<meta name=\"robots\" content=\"index, follow, max-snippet:-1, max-image-preview:large, max-video-preview:-1\" \/>\n<link rel=\"canonical\" href=\"https:\/\/funenergy.at\/?page_id=536\" \/>\n<meta property=\"og:locale\" content=\"de_DE\" \/>\n<meta property=\"og:type\" content=\"article\" \/>\n<meta property=\"og:title\" content=\"FunEnergy Baus\u00e4tze - FunEnergy Innovations\" \/>\n<meta property=\"og:description\" content=\"Stolz pr\u00e4sentieren wir Ihnen die FunEnergy Baus\u00e4tze.Durch die Erfahrung die wir in den letzten Jahren sammeln konnten,ist es uns nun m\u00f6glich unsere Akkus auch als Baus\u00e4tze anzubieten. In diesen Baus\u00e4tzen ist alles enthalten was Sie brauchen um Ihren eigenen FunEnergy Akku zu bauen. Die Baus\u00e4tze haben mehrer Vorteile gegen\u00fcber den fertigen Akkus: Durch das Bauen [&hellip;]\" \/>\n<meta property=\"og:url\" content=\"https:\/\/funenergy.at\/?page_id=536\" \/>\n<meta property=\"og:site_name\" content=\"FunEnergy Innovations\" \/>\n<meta property=\"article:modified_time\" content=\"2019-12-16T14:12:50+00:00\" \/>\n<meta name=\"twitter:card\" content=\"summary_large_image\" \/>\n<meta name=\"twitter:label1\" content=\"Gesch\u00e4tzte Lesezeit\" \/>\n\t<meta name=\"twitter:data1\" content=\"1\u00a0Minute\" \/>\n<script type=\"application\/ld+json\" class=\"yoast-schema-graph\">{\"@context\":\"https:\/\/schema.org\",\"@graph\":[{\"@type\":\"WebSite\",\"@id\":\"https:\/\/funenergy.at\/#website\",\"url\":\"https:\/\/funenergy.at\/\",\"name\":\"FunEnergy Innovations\",\"description\":\"\",\"potentialAction\":[{\"@type\":\"SearchAction\",\"target\":{\"@type\":\"EntryPoint\",\"urlTemplate\":\"https:\/\/funenergy.at\/?s={search_term_string}\"},\"query-input\":\"required name=search_term_string\"}],\"inLanguage\":\"de\"},{\"@type\":\"WebPage\",\"@id\":\"https:\/\/funenergy.at\/?page_id=536#webpage\",\"url\":\"https:\/\/funenergy.at\/?page_id=536\",\"name\":\"FunEnergy Baus\\u00e4tze - FunEnergy Innovations\",\"isPartOf\":{\"@id\":\"https:\/\/funenergy.at\/#website\"},\"datePublished\":\"2019-12-15T14:02:09+00:00\",\"dateModified\":\"2019-12-16T14:12:50+00:00\",\"breadcrumb\":{\"@id\":\"https:\/\/funenergy.at\/?page_id=536#breadcrumb\"},\"inLanguage\":\"de\",\"potentialAction\":[{\"@type\":\"ReadAction\",\"target\":[\"https:\/\/funenergy.at\/?page_id=536\"]}]},{\"@type\":\"BreadcrumbList\",\"@id\":\"https:\/\/funenergy.at\/?page_id=536#breadcrumb\",\"itemListElement\":[{\"@type\":\"ListItem\",\"position\":1,\"name\":\"Startseite\",\"item\":\"https:\/\/funenergy.at\/\"},{\"@type\":\"ListItem\",\"position\":2,\"name\":\"FunEnergy Baus\\u00e4tze\"}]}]}<\/script>\n<!-- \/ Yoast SEO plugin. -->","yoast_head_json":{"robots":{"index":"index","follow":"follow","max-snippet":"max-snippet:-1","max-image-preview":"max-image-preview:large","max-video-preview":"max-video-preview:-1"},"canonical":"https:\/\/funenergy.at\/?page_id=536","og_locale":"de_DE","og_type":"article","og_title":"FunEnergy Baus\u00e4tze - FunEnergy Innovations","og_description":"Stolz pr\u00e4sentieren wir Ihnen die FunEnergy Baus\u00e4tze.Durch die Erfahrung die wir in den letzten Jahren sammeln konnten,ist es uns nun m\u00f6glich unsere Akkus auch als Baus\u00e4tze anzubieten. In diesen Baus\u00e4tzen ist alles enthalten was Sie brauchen um Ihren eigenen FunEnergy Akku zu bauen. Die Baus\u00e4tze haben mehrer Vorteile gegen\u00fcber den fertigen Akkus: Durch das Bauen [&hellip;]","og_url":"https:\/\/funenergy.at\/?page_id=536","og_site_name":"FunEnergy Innovations","article_modified_time":"2019-12-16T14:12:50+00:00","twitter_card":"summary_large_image","twitter_misc":{"Gesch\u00e4tzte Lesezeit":"1\u00a0Minute"},"schema":{"@context":"https:\/\/schema.org","@graph":[{"@type":"WebSite","@id":"https:\/\/funenergy.at\/#website","url":"https:\/\/funenergy.at\/","name":"FunEnergy Innovations","description":"","potentialAction":[{"@type":"SearchAction","target":{"@type":"EntryPoint","urlTemplate":"https:\/\/funenergy.at\/?s={search_term_string}"},"query-input":"required name=search_term_string"}],"inLanguage":"de"},{"@type":"WebPage","@id":"https:\/\/funenergy.at\/?page_id=536#webpage","url":"https:\/\/funenergy.at\/?page_id=536","name":"FunEnergy Baus\u00e4tze - FunEnergy Innovations","isPartOf":{"@id":"https:\/\/funenergy.at\/#website"},"datePublished":"2019-12-15T14:02:09+00:00","dateModified":"2019-12-16T14:12:50+00:00","breadcrumb":{"@id":"https:\/\/funenergy.at\/?page_id=536#breadcrumb"},"inLanguage":"de","potentialAction":[{"@type":"ReadAction","target":["https:\/\/funenergy.at\/?page_id=536"]}]},{"@type":"BreadcrumbList","@id":"https:\/\/funenergy.at\/?page_id=536#breadcrumb","itemListElement":[{"@type":"ListItem","position":1,"name":"Startseite","item":"https:\/\/funenergy.at\/"},{"@type":"ListItem","position":2,"name":"FunEnergy Baus\u00e4tze"}]}]}},"_links":{"self":[{"href":"https:\/\/funenergy.at\/index.php?rest_route=\/wp\/v2\/pages\/536"}],"collection":[{"href":"https:\/\/funenergy.at\/index.php?rest_route=\/wp\/v2\/pages"}],"about":[{"href":"https:\/\/funenergy.at\/index.php?rest_route=\/wp\/v2\/types\/page"}],"author":[{"embeddable":true,"href":"https:\/\/funenergy.at\/index.php?rest_route=\/wp\/v2\/users\/11"}],"replies":[{"embeddable":true,"href":"https:\/\/funenergy.at\/index.php?rest_route=%2Fwp%2Fv2%2Fcomments&post=536"}],"version-history":[{"count":5,"href":"https:\/\/funenergy.at\/index.php?rest_route=\/wp\/v2\/pages\/536\/revisions"}],"predecessor-version":[{"id":595,"href":"https:\/\/funenergy.at\/index.php?rest_route=\/wp\/v2\/pages\/536\/revisions\/595"}],"wp:attachment":[{"href":"https:\/\/funenergy.at\/index.php?rest_route=%2Fwp%2Fv2%2Fmedia&parent=536"}],"curies":[{"name":"wp","href":"https:\/\/api.w.org\/{rel}","templated":true}]}}