{"id":351,"date":"2019-12-12T18:30:55","date_gmt":"2019-12-12T16:30:55","guid":{"rendered":"http:\/\/funenergy.at\/?post_type=product&#038;p=351"},"modified":"2022-05-10T14:49:52","modified_gmt":"2022-05-10T12:49:52","slug":"quantya-qvr-cross-akku-selbstbausatz","status":"publish","type":"product","link":"https:\/\/funenergy.at\/?product=quantya-qvr-cross-akku-selbstbausatz","title":{"rendered":"Quantya\/QVR-Cross Akku Selbstbausatz 14S 20P"},"content":{"rendered":"<p>Der FunEnergy Akkubausatz f\u00fcr die Quantya.<\/p>\n<p>Mit dabei:<br \/>\n-CNC-gefr\u00e4ste Platten<br \/>\n-Leitungen<br \/>\n-Schraubeins\u00e4tze<br \/>\n-Doppelseitiges Klebeband<br \/>\n-vorgefertigte Balancerleitungen<br \/>\n-Bauanleitung<\/p>\n<p>Zus\u00e4tzlich braucht man noch:<br \/>\n-280x 18650 Batteriezellen (LG VTC6 werden empfohlen, bei Abweichung von den empfohlenen\u00a0 \u00a0Zellen, bitte unter office@funenergy.at Kontakt aufnehmen.)<br \/>\n&#8211; ca. 5m m4 Gewindestangen<br \/>\n&#8211; diverse \u00fcbliche Werkzeuge<br \/>\n&#8211; Erfahrung mit dem &#8220;Basteln&#8221;<\/p>\n<p>Vorschaubild:<\/p>\n<p><a href=\"https:\/\/funenergy.at\/wp-content\/uploads\/2019\/12\/P1020505-scaled.jpg\"><img loading=\"lazy\" class=\"size-medium wp-image-8031 alignleft\" src=\"https:\/\/funenergy.at\/wp-content\/uploads\/2019\/12\/P1020505-300x225.jpg\" alt=\"Vorschaubild Bausatz Quantya\" width=\"300\" height=\"225\" srcset=\"https:\/\/funenergy.at\/wp-content\/uploads\/2019\/12\/P1020505-300x225.jpg 300w, https:\/\/funenergy.at\/wp-content\/uploads\/2019\/12\/P1020505-1024x768.jpg 1024w, https:\/\/funenergy.at\/wp-content\/uploads\/2019\/12\/P1020505-768x576.jpg 768w, https:\/\/funenergy.at\/wp-content\/uploads\/2019\/12\/P1020505-1536x1152.jpg 1536w, https:\/\/funenergy.at\/wp-content\/uploads\/2019\/12\/P1020505-2048x1536.jpg 2048w, https:\/\/funenergy.at\/wp-content\/uploads\/2019\/12\/P1020505-624x468.jpg 624w\" sizes=\"(max-width: 300px) 100vw, 300px\" \/><\/a><\/p>\n","protected":false},"excerpt":{"rendered":"<p>Der FunEnergy Akkubausatz f\u00fcr die Quantya. Mit dabei: -CNC-gefr\u00e4ste Platten -Leitungen -Schraubeins\u00e4tze -Doppelseitiges Klebeband -vorgefertigte Balancerleitungen -Bauanleitung Zus\u00e4tzlich braucht man noch: -280x 18650 Batteriezellen (LG VTC6 werden empfohlen, bei Abweichung von den empfohlenen\u00a0 \u00a0Zellen, bitte unter office@funenergy.at Kontakt aufnehmen.) &#8211; ca. 5m m4 Gewindestangen &#8211; diverse \u00fcbliche Werkzeuge &#8211; Erfahrung mit dem &#8220;Basteln&#8221; Vorschaubild:<\/p>\n","protected":false},"featured_media":8029,"comment_status":"closed","ping_status":"closed","template":"","meta":[],"yoast_head":"<!-- This site is optimized with the Yoast SEO plugin v17.1 - https:\/\/yoast.com\/wordpress\/plugins\/seo\/ -->\n<meta name=\"robots\" content=\"index, follow, max-snippet:-1, max-image-preview:large, max-video-preview:-1\" \/>\n<link rel=\"canonical\" href=\"https:\/\/funenergy.at\/?product=quantya-qvr-cross-akku-selbstbausatz\" \/>\n<meta property=\"og:locale\" content=\"de_DE\" \/>\n<meta property=\"og:type\" content=\"article\" \/>\n<meta property=\"og:title\" content=\"Quantya\/QVR-Cross Akku Selbstbausatz 14S 20P - FunEnergy Innovations\" \/>\n<meta property=\"og:description\" content=\"Der FunEnergy Akkubausatz f\u00fcr die Quantya. Mit dabei: -CNC-gefr\u00e4ste Platten -Leitungen -Schraubeins\u00e4tze -Doppelseitiges Klebeband -vorgefertigte Balancerleitungen -Bauanleitung Zus\u00e4tzlich braucht man noch: -280x 18650 Batteriezellen (LG VTC6 werden empfohlen, bei Abweichung von den empfohlenen\u00a0 \u00a0Zellen, bitte unter office@funenergy.at Kontakt aufnehmen.) &#8211; ca. 5m m4 Gewindestangen &#8211; diverse \u00fcbliche Werkzeuge &#8211; Erfahrung mit dem &#8220;Basteln&#8221; Vorschaubild:\" \/>\n<meta property=\"og:url\" content=\"https:\/\/funenergy.at\/?product=quantya-qvr-cross-akku-selbstbausatz\" \/>\n<meta property=\"og:site_name\" content=\"FunEnergy Innovations\" \/>\n<meta property=\"article:modified_time\" content=\"2022-05-10T12:49:52+00:00\" \/>\n<meta property=\"og:image\" content=\"https:\/\/funenergy.at\/wp-content\/uploads\/2020\/09\/P1020523-scaled.jpg\" \/>\n\t<meta property=\"og:image:width\" content=\"1920\" \/>\n\t<meta property=\"og:image:height\" content=\"2560\" \/>\n<meta name=\"twitter:card\" content=\"summary_large_image\" \/>\n<script type=\"application\/ld+json\" class=\"yoast-schema-graph\">{\"@context\":\"https:\/\/schema.org\",\"@graph\":[{\"@type\":\"WebSite\",\"@id\":\"https:\/\/funenergy.at\/#website\",\"url\":\"https:\/\/funenergy.at\/\",\"name\":\"FunEnergy Innovations\",\"description\":\"\",\"potentialAction\":[{\"@type\":\"SearchAction\",\"target\":{\"@type\":\"EntryPoint\",\"urlTemplate\":\"https:\/\/funenergy.at\/?s={search_term_string}\"},\"query-input\":\"required name=search_term_string\"}],\"inLanguage\":\"de\"},{\"@type\":\"ImageObject\",\"@id\":\"https:\/\/funenergy.at\/?product=quantya-qvr-cross-akku-selbstbausatz#primaryimage\",\"inLanguage\":\"de\",\"url\":\"https:\/\/funenergy.at\/wp-content\/uploads\/2020\/09\/P1020523-scaled.jpg\",\"contentUrl\":\"https:\/\/funenergy.at\/wp-content\/uploads\/2020\/09\/P1020523-scaled.jpg\",\"width\":1920,\"height\":2560,\"caption\":\"Quantya 14S 20P Bausatz\"},{\"@type\":\"WebPage\",\"@id\":\"https:\/\/funenergy.at\/?product=quantya-qvr-cross-akku-selbstbausatz#webpage\",\"url\":\"https:\/\/funenergy.at\/?product=quantya-qvr-cross-akku-selbstbausatz\",\"name\":\"Quantya\/QVR-Cross Akku Selbstbausatz 14S 20P - FunEnergy Innovations\",\"isPartOf\":{\"@id\":\"https:\/\/funenergy.at\/#website\"},\"primaryImageOfPage\":{\"@id\":\"https:\/\/funenergy.at\/?product=quantya-qvr-cross-akku-selbstbausatz#primaryimage\"},\"datePublished\":\"2019-12-12T16:30:55+00:00\",\"dateModified\":\"2022-05-10T12:49:52+00:00\",\"breadcrumb\":{\"@id\":\"https:\/\/funenergy.at\/?product=quantya-qvr-cross-akku-selbstbausatz#breadcrumb\"},\"inLanguage\":\"de\",\"potentialAction\":[{\"@type\":\"ReadAction\",\"target\":[\"https:\/\/funenergy.at\/?product=quantya-qvr-cross-akku-selbstbausatz\"]}]},{\"@type\":\"BreadcrumbList\",\"@id\":\"https:\/\/funenergy.at\/?product=quantya-qvr-cross-akku-selbstbausatz#breadcrumb\",\"itemListElement\":[{\"@type\":\"ListItem\",\"position\":1,\"name\":\"Startseite\",\"item\":\"https:\/\/funenergy.at\/\"},{\"@type\":\"ListItem\",\"position\":2,\"name\":\"Shop\",\"item\":\"https:\/\/funenergy.at\/?page_id=185\"},{\"@type\":\"ListItem\",\"position\":3,\"name\":\"Quantya\/QVR-Cross Akku Selbstbausatz 14S 20P\"}]}]}<\/script>\n<!-- \/ Yoast SEO plugin. -->","yoast_head_json":{"robots":{"index":"index","follow":"follow","max-snippet":"max-snippet:-1","max-image-preview":"max-image-preview:large","max-video-preview":"max-video-preview:-1"},"canonical":"https:\/\/funenergy.at\/?product=quantya-qvr-cross-akku-selbstbausatz","og_locale":"de_DE","og_type":"article","og_title":"Quantya\/QVR-Cross Akku Selbstbausatz 14S 20P - FunEnergy Innovations","og_description":"Der FunEnergy Akkubausatz f\u00fcr die Quantya. Mit dabei: -CNC-gefr\u00e4ste Platten -Leitungen -Schraubeins\u00e4tze -Doppelseitiges Klebeband -vorgefertigte Balancerleitungen -Bauanleitung Zus\u00e4tzlich braucht man noch: -280x 18650 Batteriezellen (LG VTC6 werden empfohlen, bei Abweichung von den empfohlenen\u00a0 \u00a0Zellen, bitte unter office@funenergy.at Kontakt aufnehmen.) &#8211; ca. 5m m4 Gewindestangen &#8211; diverse \u00fcbliche Werkzeuge &#8211; Erfahrung mit dem &#8220;Basteln&#8221; Vorschaubild:","og_url":"https:\/\/funenergy.at\/?product=quantya-qvr-cross-akku-selbstbausatz","og_site_name":"FunEnergy Innovations","article_modified_time":"2022-05-10T12:49:52+00:00","og_image":[{"width":1920,"height":2560,"url":"https:\/\/funenergy.at\/wp-content\/uploads\/2020\/09\/P1020523-scaled.jpg","path":"\/www\/htdocs\/w00c0ab1\/wp-content\/uploads\/2020\/09\/P1020523-scaled.jpg","size":"full","id":8029,"alt":"Quantya 14S 20P Bausatz","pixels":4915200,"type":"image\/jpeg"}],"twitter_card":"summary_large_image","schema":{"@context":"https:\/\/schema.org","@graph":[{"@type":"WebSite","@id":"https:\/\/funenergy.at\/#website","url":"https:\/\/funenergy.at\/","name":"FunEnergy Innovations","description":"","potentialAction":[{"@type":"SearchAction","target":{"@type":"EntryPoint","urlTemplate":"https:\/\/funenergy.at\/?s={search_term_string}"},"query-input":"required name=search_term_string"}],"inLanguage":"de"},{"@type":"ImageObject","@id":"https:\/\/funenergy.at\/?product=quantya-qvr-cross-akku-selbstbausatz#primaryimage","inLanguage":"de","url":"https:\/\/funenergy.at\/wp-content\/uploads\/2020\/09\/P1020523-scaled.jpg","contentUrl":"https:\/\/funenergy.at\/wp-content\/uploads\/2020\/09\/P1020523-scaled.jpg","width":1920,"height":2560,"caption":"Quantya 14S 20P Bausatz"},{"@type":"WebPage","@id":"https:\/\/funenergy.at\/?product=quantya-qvr-cross-akku-selbstbausatz#webpage","url":"https:\/\/funenergy.at\/?product=quantya-qvr-cross-akku-selbstbausatz","name":"Quantya\/QVR-Cross Akku Selbstbausatz 14S 20P - FunEnergy Innovations","isPartOf":{"@id":"https:\/\/funenergy.at\/#website"},"primaryImageOfPage":{"@id":"https:\/\/funenergy.at\/?product=quantya-qvr-cross-akku-selbstbausatz#primaryimage"},"datePublished":"2019-12-12T16:30:55+00:00","dateModified":"2022-05-10T12:49:52+00:00","breadcrumb":{"@id":"https:\/\/funenergy.at\/?product=quantya-qvr-cross-akku-selbstbausatz#breadcrumb"},"inLanguage":"de","potentialAction":[{"@type":"ReadAction","target":["https:\/\/funenergy.at\/?product=quantya-qvr-cross-akku-selbstbausatz"]}]},{"@type":"BreadcrumbList","@id":"https:\/\/funenergy.at\/?product=quantya-qvr-cross-akku-selbstbausatz#breadcrumb","itemListElement":[{"@type":"ListItem","position":1,"name":"Startseite","item":"https:\/\/funenergy.at\/"},{"@type":"ListItem","position":2,"name":"Shop","item":"https:\/\/funenergy.at\/?page_id=185"},{"@type":"ListItem","position":3,"name":"Quantya\/QVR-Cross Akku Selbstbausatz 14S 20P"}]}]}},"_links":{"self":[{"href":"https:\/\/funenergy.at\/index.php?rest_route=\/wp\/v2\/product\/351"}],"collection":[{"href":"https:\/\/funenergy.at\/index.php?rest_route=\/wp\/v2\/product"}],"about":[{"href":"https:\/\/funenergy.at\/index.php?rest_route=\/wp\/v2\/types\/product"}],"replies":[{"embeddable":true,"href":"https:\/\/funenergy.at\/index.php?rest_route=%2Fwp%2Fv2%2Fcomments&post=351"}],"wp:featuredmedia":[{"embeddable":true,"href":"https:\/\/funenergy.at\/index.php?rest_route=\/wp\/v2\/media\/8029"}],"wp:attachment":[{"href":"https:\/\/funenergy.at\/index.php?rest_route=%2Fwp%2Fv2%2Fmedia&parent=351"}],"curies":[{"name":"wp","href":"https:\/\/api.w.org\/{rel}","templated":true}]}}